{"id":2,"date":"2024-04-10T22:26:49","date_gmt":"2024-04-10T22:26:49","guid":{"rendered":"https:\/\/localstake.com\/?page_id=2"},"modified":"2024-06-10T17:38:33","modified_gmt":"2024-06-10T23:38:33","slug":"sample-page","status":"publish","type":"page","link":"https:\/\/localstake.com\/es\/sample-page\/","title":{"rendered":"Acerca de"},"content":{"rendered":"<p><strong>Bienvenido a Localstake: sea due\u00f1o de su trabajo, arraigue sus ambiciones aqu\u00ed<\/strong><\/p>\n\n\n\n<p>\u00bfAlguna vez ha tenido ganas de encontrar el lugar perfecto para vivir y el trabajo es tan dif\u00edcil de alcanzar como un c\u00f3modo asiento de avi\u00f3n? Ya sea que todav\u00eda est\u00e9s buscando un lugar para vivir o que ya hayas encontrado el lugar perfecto, &quot;\u00a1Esto es!&quot; Ser due\u00f1o de su trabajo y vivir en el lugar ideal es como encontrar un asiento con espacio adicional para las piernas en la secci\u00f3n econ\u00f3mica de su vuelo: pura libertad. En Localstake, le permitimos tomar el control a trav\u00e9s de la propiedad empresarial y de capital, asegur\u00e1ndonos de que pueda plantar ra\u00edces profundas y duraderas en la comunidad de su elecci\u00f3n.<\/p>\n\n\n\n<p><strong>Lo que nos diferencia:<\/strong> Localstake no se trata s\u00f3lo de establecer la propiedad empresarial; Estamos comprometidos a proporcionar recursos de vanguardia para garantizar que su negocio siga siendo competitivo e innovador. Cada edici\u00f3n de nuestro bolet\u00edn le brindar\u00e1 las \u00faltimas investigaciones y consejos pr\u00e1cticos sobre:<\/p>\n\n\n\n<ul class=\"wp-block-list\">\n<li><strong>Comprar: <\/strong>C\u00f3mo generar estabilidad mediante la adquisici\u00f3n de negocios o acciones,<\/li>\n\n\n\n<li><strong>Construir:<\/strong> C\u00f3mo construir y hacer crecer un negocio,<\/li>\n\n\n\n<li><strong>Funcionar:<\/strong> C\u00f3mo mantener un negocio y<\/li>\n\n\n\n<li><strong>Vender<\/strong>: C\u00f3mo vender un negocio.<\/li>\n<\/ul>\n\n\n\n<p>Las herramientas y referencias que presentamos mejorar\u00e1n su eficiencia operativa y su adaptabilidad al mercado, brind\u00e1ndole una ventaja para hacer crecer su negocio y establecer una participaci\u00f3n de propiedad sostenible basada en sus t\u00e9rminos. Si bien el objetivo no es necesariamente vender, s\u00ed construimos negocios como activos que se pueden vender si se desea. El objetivo es la libertad, no la esclavitud, con un inter\u00e9s comercial. <\/p>\n\n\n\n<p>\u00danase a nuestra comunidad: suscr\u00edbase a nuestro bolet\u00edn para obtener informaci\u00f3n sobre el crecimiento empresarial t\u00e1ctico, estrategias pr\u00e1cticas y los \u00faltimos avances que pueden impulsar sus esfuerzos de crecimiento empresarial.<\/p>\n\n\n\n<p>Estamos encantados de ayudarle a adoptar Localstake en su futuro. Juntos, podemos garantizar que nuestros queridos lugares sigan siendo vibrantes y pr\u00f3speros para las generaciones venideras.<\/p>\n\n\n\n<p>Saludos por tomar el control y echar ra\u00edces donde m\u00e1s importan.<\/p>\n\n\n\n<p>Cont\u00e1ctenos hoy para una discusi\u00f3n gratuita y sin compromiso sobre c\u00f3mo podemos ayudarlo en la adquisici\u00f3n de su negocio o en su viaje de crecimiento.<\/p>\n\n\n\n<div class=\"wp-block-buttons is-layout-flex wp-block-buttons-is-layout-flex\">\n<div class=\"wp-block-button\"><a class=\"wp-block-button__link wp-element-button\" href=\"https:\/\/localstake.com\/es\/contact-us\/\">Cont\u00e1ctenos<\/a><\/div>\n<\/div>","protected":false},"excerpt":{"rendered":"<p>Bienvenido a Localstake: sea due\u00f1o de su trabajo, arraigue sus ambiciones aqu\u00ed \u00bfAlguna vez ha tenido ganas de encontrar el lugar perfecto para vivir Y el trabajo es tan dif\u00edcil de alcanzar como un c\u00f3modo asiento de avi\u00f3n? Ya sea que todav\u00eda est\u00e9s buscando un lugar para vivir o que ya hayas encontrado el lugar perfecto, &quot;\u00a1Esto es!&quot; Obtener la propiedad de su trabajo y vivir en... <a title=\"Acerca de\" class=\"read-more\" href=\"https:\/\/localstake.com\/es\/sample-page\/\" aria-label=\"Leer m\u00e1s sobre Acerca de\">Leer m\u00e1s<\/a><\/p>","protected":false},"author":1,"featured_media":0,"parent":0,"menu_order":1,"comment_status":"closed","ping_status":"closed","template":"","meta":{"footnotes":""},"class_list":["post-2","page","type-page","status-publish"],"yoast_head":"<!-- This site is optimized with the Yoast SEO plugin v22.8 - https:\/\/yoast.com\/wordpress\/plugins\/seo\/ -->\n<title>About -<\/title>\n<meta name=\"description\" content=\"Join Localstake&#039;s mission to revitalize Main Street through business ownership. Subscribe to our newsletter for unique insights on business acquisition, community engagement, and strategies for creating vibrant, sustainable business communities. Own your work, plant deep roots, and build financial independence with us.\" \/>\n<meta name=\"robots\" content=\"index, follow, max-snippet:-1, max-image-preview:large, max-video-preview:-1\" \/>\n<link rel=\"canonical\" href=\"https:\/\/localstake.com\/es\/sample-page\/\" \/>\n<meta property=\"og:locale\" content=\"es_MX\" \/>\n<meta property=\"og:type\" content=\"article\" \/>\n<meta property=\"og:title\" content=\"About -\" \/>\n<meta property=\"og:description\" content=\"Join Localstake&#039;s mission to revitalize Main Street through business ownership. Subscribe to our newsletter for unique insights on business acquisition, community engagement, and strategies for creating vibrant, sustainable business communities. Own your work, plant deep roots, and build financial independence with us.\" \/>\n<meta property=\"og:url\" content=\"https:\/\/localstake.com\/es\/sample-page\/\" \/>\n<meta property=\"article:modified_time\" content=\"2024-06-10T23:38:33+00:00\" \/>\n<meta name=\"twitter:card\" content=\"summary_large_image\" \/>\n<meta name=\"twitter:label1\" content=\"Tiempo de lectura\" \/>\n\t<meta name=\"twitter:data1\" content=\"2 minutos\" \/>\n<script type=\"application\/ld+json\" class=\"yoast-schema-graph\">{\"@context\":\"https:\/\/schema.org\",\"@graph\":[{\"@type\":\"WebPage\",\"@id\":\"https:\/\/localstake.com\/sample-page\/\",\"url\":\"https:\/\/localstake.com\/sample-page\/\",\"name\":\"About -\",\"isPartOf\":{\"@id\":\"http:\/\/localstake.com\/#website\"},\"datePublished\":\"2024-04-10T22:26:49+00:00\",\"dateModified\":\"2024-06-10T23:38:33+00:00\",\"description\":\"Join Localstake's mission to revitalize Main Street through business ownership. Subscribe to our newsletter for unique insights on business acquisition, community engagement, and strategies for creating vibrant, sustainable business communities. Own your work, plant deep roots, and build financial independence with us.\",\"breadcrumb\":{\"@id\":\"https:\/\/localstake.com\/sample-page\/#breadcrumb\"},\"inLanguage\":\"es\",\"potentialAction\":[{\"@type\":\"ReadAction\",\"target\":[\"https:\/\/localstake.com\/sample-page\/\"]}]},{\"@type\":\"BreadcrumbList\",\"@id\":\"https:\/\/localstake.com\/sample-page\/#breadcrumb\",\"itemListElement\":[{\"@type\":\"ListItem\",\"position\":1,\"name\":\"Home\",\"item\":\"https:\/\/localstake.com\/\"},{\"@type\":\"ListItem\",\"position\":2,\"name\":\"Home > Blog > Own Your Work: Building Community Roots with Localstake\"}]},{\"@type\":\"WebSite\",\"@id\":\"http:\/\/localstake.com\/#website\",\"url\":\"http:\/\/localstake.com\/\",\"name\":\"\",\"description\":\"\",\"potentialAction\":[{\"@type\":\"SearchAction\",\"target\":{\"@type\":\"EntryPoint\",\"urlTemplate\":\"http:\/\/localstake.com\/?s={search_term_string}\"},\"query-input\":\"required name=search_term_string\"}],\"inLanguage\":\"es\"}]}<\/script>\n<!-- \/ Yoast SEO plugin. -->","yoast_head_json":{"title":"About -","description":"Join Localstake's mission to revitalize Main Street through business ownership. Subscribe to our newsletter for unique insights on business acquisition, community engagement, and strategies for creating vibrant, sustainable business communities. Own your work, plant deep roots, and build financial independence with us.","robots":{"index":"index","follow":"follow","max-snippet":"max-snippet:-1","max-image-preview":"max-image-preview:large","max-video-preview":"max-video-preview:-1"},"canonical":"https:\/\/localstake.com\/es\/sample-page\/","og_locale":"es_MX","og_type":"article","og_title":"About -","og_description":"Join Localstake's mission to revitalize Main Street through business ownership. Subscribe to our newsletter for unique insights on business acquisition, community engagement, and strategies for creating vibrant, sustainable business communities. Own your work, plant deep roots, and build financial independence with us.","og_url":"https:\/\/localstake.com\/es\/sample-page\/","article_modified_time":"2024-06-10T23:38:33+00:00","twitter_card":"summary_large_image","twitter_misc":{"Tiempo de lectura":"2 minutos"},"schema":{"@context":"https:\/\/schema.org","@graph":[{"@type":"WebPage","@id":"https:\/\/localstake.com\/sample-page\/","url":"https:\/\/localstake.com\/sample-page\/","name":"About -","isPartOf":{"@id":"http:\/\/localstake.com\/#website"},"datePublished":"2024-04-10T22:26:49+00:00","dateModified":"2024-06-10T23:38:33+00:00","description":"Join Localstake's mission to revitalize Main Street through business ownership. Subscribe to our newsletter for unique insights on business acquisition, community engagement, and strategies for creating vibrant, sustainable business communities. Own your work, plant deep roots, and build financial independence with us.","breadcrumb":{"@id":"https:\/\/localstake.com\/sample-page\/#breadcrumb"},"inLanguage":"es","potentialAction":[{"@type":"ReadAction","target":["https:\/\/localstake.com\/sample-page\/"]}]},{"@type":"BreadcrumbList","@id":"https:\/\/localstake.com\/sample-page\/#breadcrumb","itemListElement":[{"@type":"ListItem","position":1,"name":"Home","item":"https:\/\/localstake.com\/"},{"@type":"ListItem","position":2,"name":"Home > Blog > Own Your Work: Building Community Roots with Localstake"}]},{"@type":"WebSite","@id":"http:\/\/localstake.com\/#website","url":"http:\/\/localstake.com\/","name":"","description":"","potentialAction":[{"@type":"SearchAction","target":{"@type":"EntryPoint","urlTemplate":"http:\/\/localstake.com\/?s={search_term_string}"},"query-input":"required name=search_term_string"}],"inLanguage":"es"}]}},"_links":{"self":[{"href":"https:\/\/localstake.com\/es\/wp-json\/wp\/v2\/pages\/2","targetHints":{"allow":["GET"]}}],"collection":[{"href":"https:\/\/localstake.com\/es\/wp-json\/wp\/v2\/pages"}],"about":[{"href":"https:\/\/localstake.com\/es\/wp-json\/wp\/v2\/types\/page"}],"author":[{"embeddable":true,"href":"https:\/\/localstake.com\/es\/wp-json\/wp\/v2\/users\/1"}],"replies":[{"embeddable":true,"href":"https:\/\/localstake.com\/es\/wp-json\/wp\/v2\/comments?post=2"}],"version-history":[{"count":5,"href":"https:\/\/localstake.com\/es\/wp-json\/wp\/v2\/pages\/2\/revisions"}],"predecessor-version":[{"id":169,"href":"https:\/\/localstake.com\/es\/wp-json\/wp\/v2\/pages\/2\/revisions\/169"}],"wp:attachment":[{"href":"https:\/\/localstake.com\/es\/wp-json\/wp\/v2\/media?parent=2"}],"curies":[{"name":"wp","href":"https:\/\/api.w.org\/{rel}","templated":true}]}}