{"id":85,"date":"2024-04-24T21:51:22","date_gmt":"2024-04-25T03:51:22","guid":{"rendered":"https:\/\/localstake.com\/?page_id=85"},"modified":"2024-06-08T10:12:35","modified_gmt":"2024-06-08T16:12:35","slug":"tools","status":"publish","type":"page","link":"https:\/\/localstake.com\/es\/tools\/","title":{"rendered":"Herramientas"},"content":{"rendered":"<p>Aqu\u00ed encontrar\u00e1 las categor\u00edas de herramientas que completar\u00e9 durante mis pruebas y errores en la creaci\u00f3n de negocios. Cuando se desarrollen, estas herramientas y referencias lo ayudar\u00e1n a ahorrar tiempo y comenzar directamente con lo que funciona.<\/p>\n\n\n\n<p><strong>Constructores de sitios web<\/strong><\/p>\n\n\n\n<p><strong>Anfitriones de sitios web<\/strong><\/p>\n\n\n\n<p><strong>Lluvia de ideas<\/strong><\/p>\n\n\n\n<p><strong>Flujo de trabajo<\/strong><\/p>\n\n\n\n<p><strong>Marca y marca registrada<\/strong><\/p>\n\n\n\n<p><strong>Investigaci\u00f3n de la competencia<\/strong><\/p>\n\n\n\n<p><strong>Soporte de subcontrataci\u00f3n<\/strong><\/p>","protected":false},"excerpt":{"rendered":"<p>Aqu\u00ed encontrar\u00e1 las categor\u00edas de herramientas que completar\u00e9 durante mis pruebas y errores en la creaci\u00f3n de negocios. Cuando se desarrollen, estas herramientas y referencias lo ayudar\u00e1n a ahorrar tiempo y comenzar directamente con lo que funciona. Creadores de sitios web Anfitriones de sitios web Lluvia de ideas Flujo de trabajo Branding y marcas registradas Investigaci\u00f3n de la competencia Soporte de subcontrataci\u00f3n<\/p>","protected":false},"author":1,"featured_media":0,"parent":0,"menu_order":3,"comment_status":"closed","ping_status":"closed","template":"","meta":{"footnotes":""},"class_list":["post-85","page","type-page","status-publish"],"yoast_head":"<!-- This site is optimized with the Yoast SEO plugin v22.8 - https:\/\/yoast.com\/wordpress\/plugins\/seo\/ -->\n<title>Tools -<\/title>\n<meta name=\"robots\" content=\"index, follow, max-snippet:-1, max-image-preview:large, max-video-preview:-1\" \/>\n<link rel=\"canonical\" href=\"https:\/\/localstake.com\/es\/tools\/\" \/>\n<meta property=\"og:locale\" content=\"es_MX\" \/>\n<meta property=\"og:type\" content=\"article\" \/>\n<meta property=\"og:title\" content=\"Tools -\" \/>\n<meta property=\"og:description\" content=\"Here, you will find the tool categories I will populate during my trials and errors in building businesses. When developed, these tools and references will help you save time and start directly with what works. Website Builders Website Hosts Brainstorming Workflow Branding and Trademarking Competitor Research Outsourcing Support\" \/>\n<meta property=\"og:url\" content=\"https:\/\/localstake.com\/es\/tools\/\" \/>\n<meta property=\"article:modified_time\" content=\"2024-06-08T16:12:35+00:00\" \/>\n<meta name=\"twitter:card\" content=\"summary_large_image\" \/>\n<meta name=\"twitter:label1\" content=\"Tiempo de lectura\" \/>\n\t<meta name=\"twitter:data1\" content=\"1 minuto\" \/>\n<script type=\"application\/ld+json\" class=\"yoast-schema-graph\">{\"@context\":\"https:\/\/schema.org\",\"@graph\":[{\"@type\":\"WebPage\",\"@id\":\"https:\/\/localstake.com\/tools\/\",\"url\":\"https:\/\/localstake.com\/tools\/\",\"name\":\"Tools -\",\"isPartOf\":{\"@id\":\"http:\/\/localstake.com\/#website\"},\"datePublished\":\"2024-04-25T03:51:22+00:00\",\"dateModified\":\"2024-06-08T16:12:35+00:00\",\"breadcrumb\":{\"@id\":\"https:\/\/localstake.com\/tools\/#breadcrumb\"},\"inLanguage\":\"es\",\"potentialAction\":[{\"@type\":\"ReadAction\",\"target\":[\"https:\/\/localstake.com\/tools\/\"]}]},{\"@type\":\"BreadcrumbList\",\"@id\":\"https:\/\/localstake.com\/tools\/#breadcrumb\",\"itemListElement\":[{\"@type\":\"ListItem\",\"position\":1,\"name\":\"Home\",\"item\":\"https:\/\/localstake.com\/\"},{\"@type\":\"ListItem\",\"position\":2,\"name\":\"Tools\"}]},{\"@type\":\"WebSite\",\"@id\":\"http:\/\/localstake.com\/#website\",\"url\":\"http:\/\/localstake.com\/\",\"name\":\"\",\"description\":\"\",\"potentialAction\":[{\"@type\":\"SearchAction\",\"target\":{\"@type\":\"EntryPoint\",\"urlTemplate\":\"http:\/\/localstake.com\/?s={search_term_string}\"},\"query-input\":\"required name=search_term_string\"}],\"inLanguage\":\"es\"}]}<\/script>\n<!-- \/ Yoast SEO plugin. -->","yoast_head_json":{"title":"Tools -","robots":{"index":"index","follow":"follow","max-snippet":"max-snippet:-1","max-image-preview":"max-image-preview:large","max-video-preview":"max-video-preview:-1"},"canonical":"https:\/\/localstake.com\/es\/tools\/","og_locale":"es_MX","og_type":"article","og_title":"Tools -","og_description":"Here, you will find the tool categories I will populate during my trials and errors in building businesses. When developed, these tools and references will help you save time and start directly with what works. Website Builders Website Hosts Brainstorming Workflow Branding and Trademarking Competitor Research Outsourcing Support","og_url":"https:\/\/localstake.com\/es\/tools\/","article_modified_time":"2024-06-08T16:12:35+00:00","twitter_card":"summary_large_image","twitter_misc":{"Tiempo de lectura":"1 minuto"},"schema":{"@context":"https:\/\/schema.org","@graph":[{"@type":"WebPage","@id":"https:\/\/localstake.com\/tools\/","url":"https:\/\/localstake.com\/tools\/","name":"Tools -","isPartOf":{"@id":"http:\/\/localstake.com\/#website"},"datePublished":"2024-04-25T03:51:22+00:00","dateModified":"2024-06-08T16:12:35+00:00","breadcrumb":{"@id":"https:\/\/localstake.com\/tools\/#breadcrumb"},"inLanguage":"es","potentialAction":[{"@type":"ReadAction","target":["https:\/\/localstake.com\/tools\/"]}]},{"@type":"BreadcrumbList","@id":"https:\/\/localstake.com\/tools\/#breadcrumb","itemListElement":[{"@type":"ListItem","position":1,"name":"Home","item":"https:\/\/localstake.com\/"},{"@type":"ListItem","position":2,"name":"Tools"}]},{"@type":"WebSite","@id":"http:\/\/localstake.com\/#website","url":"http:\/\/localstake.com\/","name":"","description":"","potentialAction":[{"@type":"SearchAction","target":{"@type":"EntryPoint","urlTemplate":"http:\/\/localstake.com\/?s={search_term_string}"},"query-input":"required name=search_term_string"}],"inLanguage":"es"}]}},"_links":{"self":[{"href":"https:\/\/localstake.com\/es\/wp-json\/wp\/v2\/pages\/85","targetHints":{"allow":["GET"]}}],"collection":[{"href":"https:\/\/localstake.com\/es\/wp-json\/wp\/v2\/pages"}],"about":[{"href":"https:\/\/localstake.com\/es\/wp-json\/wp\/v2\/types\/page"}],"author":[{"embeddable":true,"href":"https:\/\/localstake.com\/es\/wp-json\/wp\/v2\/users\/1"}],"replies":[{"embeddable":true,"href":"https:\/\/localstake.com\/es\/wp-json\/wp\/v2\/comments?post=85"}],"version-history":[{"count":4,"href":"https:\/\/localstake.com\/es\/wp-json\/wp\/v2\/pages\/85\/revisions"}],"predecessor-version":[{"id":107,"href":"https:\/\/localstake.com\/es\/wp-json\/wp\/v2\/pages\/85\/revisions\/107"}],"wp:attachment":[{"href":"https:\/\/localstake.com\/es\/wp-json\/wp\/v2\/media?parent=85"}],"curies":[{"name":"wp","href":"https:\/\/api.w.org\/{rel}","templated":true}]}}